{"id":173,"date":"2019-12-19T12:05:06","date_gmt":"2019-12-19T11:05:06","guid":{"rendered":"http:\/\/dubandsound.fr\/?page_id=173"},"modified":"2023-10-16T21:56:19","modified_gmt":"2023-10-16T19:56:19","slug":"online-services","status":"publish","type":"page","link":"https:\/\/dubandsound.fr\/?page_id=173","title":{"rendered":"Services en ligne"},"content":{"rendered":"\n<p><\/p>\n\n\n\n<p>Nous proposons un service de mixage et de mastering hybride analogique \/ num\u00e9rique en ligne. Pas besoin de vous d\u00e9placer ! Comment \u00e7a marche? C&#8217;est tr\u00e8s simple, vous nous envoyez vos fichiers par Wetransfer \u00e0 l&#8217;adresse <strong>dubansound@gmail.com<\/strong> ! On s&#8217;occupe du mixage et\/ou du mastering en tenant compte de vos souhaits pr\u00e9alablement discut\u00e9s entre nous. D\u00e8s que vous \u00eates satisfait du r\u00e9sultat nous vous livrons les fichiers wave en qualit\u00e9 CD ou HD selon vos besoins.<\/p>\n\n\n\n<p><\/p>\n\n\n\n<h2 class=\"wp-block-heading\"><strong>Tarifs Mixage<\/strong> :<\/h2>\n\n\n\n<ul class=\"wp-block-list\">\n<li><strong>180,00\u20ac &#8211; 250,00\u20ac<\/strong> TTC selon le nombre de pistes du projet . Suppl\u00e9ment \u00e0 pr\u00e9voir pour des demandes particuli\u00e8res telles que correction voix, versions diff\u00e9rentes ( instrumentale , a capella, radio \u00e9dit etc.. ), livraison de stems, travail urgent. Contactez nous pour en discuter.<\/li>\n<\/ul>\n\n\n\n<p class=\"has-text-align-center\"><\/p>\n\n\n\n<h2 class=\"wp-block-heading\"><strong>Tarifs<\/strong> <strong>Mastering<\/strong><\/h2>\n\n\n\n<ul class=\"wp-block-list\">\n<li>St\u00e9r\u00e9o : <strong>40,00\u20ac<\/strong> TTC \/ titre<\/li>\n\n\n\n<li>Stems : <strong>70,00\u20ac<\/strong> TTC \/ titre<\/li>\n<\/ul>\n","protected":false},"excerpt":{"rendered":"<p>Nous proposons un service de mixage et de mastering hybride analogique \/ num\u00e9rique en ligne. Pas besoin de vous d\u00e9placer ! Comment \u00e7a marche? C&#8217;est tr\u00e8s simple, vous nous envoyez vos fichiers par Wetransfer \u00e0 l&#8217;adresse dubansound@gmail.com ! On s&#8217;occupe du mixage et\/ou du mastering en tenant compte de vos souhaits pr\u00e9alablement discut\u00e9s entre nous. &hellip; <\/p>\n<p class=\"link-more\"><a href=\"https:\/\/dubandsound.fr\/?page_id=173\" class=\"more-link\">Continue reading<span class=\"screen-reader-text\"> &#8220;Services en ligne&#8221;<\/span><\/a><\/p>\n","protected":false},"author":1,"featured_media":0,"parent":0,"menu_order":0,"comment_status":"closed","ping_status":"closed","template":"","meta":{"h5ap_radio_sources":[],"footnotes":""},"class_list":["post-173","page","type-page","status-publish","hentry"],"_links":{"self":[{"href":"https:\/\/dubandsound.fr\/index.php?rest_route=\/wp\/v2\/pages\/173","targetHints":{"allow":["GET"]}}],"collection":[{"href":"https:\/\/dubandsound.fr\/index.php?rest_route=\/wp\/v2\/pages"}],"about":[{"href":"https:\/\/dubandsound.fr\/index.php?rest_route=\/wp\/v2\/types\/page"}],"author":[{"embeddable":true,"href":"https:\/\/dubandsound.fr\/index.php?rest_route=\/wp\/v2\/users\/1"}],"replies":[{"embeddable":true,"href":"https:\/\/dubandsound.fr\/index.php?rest_route=%2Fwp%2Fv2%2Fcomments&post=173"}],"version-history":[{"count":13,"href":"https:\/\/dubandsound.fr\/index.php?rest_route=\/wp\/v2\/pages\/173\/revisions"}],"predecessor-version":[{"id":452,"href":"https:\/\/dubandsound.fr\/index.php?rest_route=\/wp\/v2\/pages\/173\/revisions\/452"}],"wp:attachment":[{"href":"https:\/\/dubandsound.fr\/index.php?rest_route=%2Fwp%2Fv2%2Fmedia&parent=173"}],"curies":[{"name":"wp","href":"https:\/\/api.w.org\/{rel}","templated":true}]}}